{"id":1447,"date":"2024-03-13T12:16:40","date_gmt":"2024-03-13T11:16:40","guid":{"rendered":"https:\/\/florianpaysage.fr\/?page_id=1447"},"modified":"2024-03-13T13:53:54","modified_gmt":"2024-03-13T12:53:54","slug":"a-propos","status":"publish","type":"page","link":"https:\/\/florianpaysage.fr\/index.php\/a-propos\/","title":{"rendered":"A propos"},"content":{"rendered":"\t\t<div data-elementor-type=\"wp-page\" data-elementor-id=\"1447\" class=\"elementor elementor-1447\" data-elementor-post-type=\"page\">\n\t\t\t\t<div class=\"elementor-element elementor-element-bfeee9f e-flex e-con-boxed e-con e-parent\" data-id=\"bfeee9f\" data-element_type=\"container\" data-e-type=\"container\" data-settings=\"{&quot;background_background&quot;:&quot;slideshow&quot;,&quot;background_slideshow_gallery&quot;:[{&quot;id&quot;:799,&quot;url&quot;:&quot;https:\\\/\\\/florianpaysage.fr\\\/wp-content\\\/uploads\\\/2024\\\/03\\\/0-Fond-site-internet.png&quot;}],&quot;background_slideshow_loop&quot;:&quot;yes&quot;,&quot;background_slideshow_slide_duration&quot;:5000,&quot;background_slideshow_slide_transition&quot;:&quot;fade&quot;,&quot;background_slideshow_transition_duration&quot;:500}\">\n\t\t\t\t\t<div class=\"e-con-inner\">\n\t\t<div class=\"elementor-element elementor-element-56ff58d e-con-full e-flex e-con e-child\" data-id=\"56ff58d\" data-element_type=\"container\" data-e-type=\"container\">\n\t\t\t\t<div class=\"elementor-element elementor-element-3814c07 elementor-widget__width-initial elementor-widget elementor-widget-menu-anchor\" data-id=\"3814c07\" data-element_type=\"widget\" data-e-type=\"widget\" data-widget_type=\"menu-anchor.default\">\n\t\t\t\t<div class=\"elementor-widget-container\">\n\t\t\t\t\t\t\t<div class=\"elementor-menu-anchor\" id=\"accueil\"><\/div>\n\t\t\t\t\t\t<\/div>\n\t\t\t\t<\/div>\n\t\t\t\t<\/div>\n\t\t<div class=\"elementor-element elementor-element-c9bcda4 e-con-full e-flex e-con e-child\" data-id=\"c9bcda4\" data-element_type=\"container\" data-e-type=\"container\">\n\t\t\t\t<div class=\"elementor-element elementor-element-e512e86 elementor-align-center elementor-hidden-mobile elementor-hidden-desktop elementor-hidden-tablet elementor-widget elementor-widget-button\" data-id=\"e512e86\" data-element_type=\"widget\" data-e-type=\"widget\" data-widget_type=\"button.default\">\n\t\t\t\t<div class=\"elementor-widget-container\">\n\t\t\t\t\t\t\t\t\t<div class=\"elementor-button-wrapper\">\n\t\t\t\t\t<a class=\"elementor-button elementor-button-link elementor-size-md\" href=\"#Haut\">\n\t\t\t\t\t\t<span class=\"elementor-button-content-wrapper\">\n\t\t\t\t\t\t<span class=\"elementor-button-icon\">\n\t\t\t\t<svg aria-hidden=\"true\" class=\"e-font-icon-svg e-fas-home\" viewBox=\"0 0 576 512\" xmlns=\"http:\/\/www.w3.org\/2000\/svg\"><path d=\"M280.37 148.26L96 300.11V464a16 16 0 0 0 16 16l112.06-.29a16 16 0 0 0 15.92-16V368a16 16 0 0 1 16-16h64a16 16 0 0 1 16 16v95.64a16 16 0 0 0 16 16.05L464 480a16 16 0 0 0 16-16V300L295.67 148.26a12.19 12.19 0 0 0-15.3 0zM571.6 251.47L488 182.56V44.05a12 12 0 0 0-12-12h-56a12 12 0 0 0-12 12v72.61L318.47 43a48 48 0 0 0-61 0L4.34 251.47a12 12 0 0 0-1.6 16.9l25.5 31A12 12 0 0 0 45.15 301l235.22-193.74a12.19 12.19 0 0 1 15.3 0L530.9 301a12 12 0 0 0 16.9-1.6l25.5-31a12 12 0 0 0-1.7-16.93z\"><\/path><\/svg>\t\t\t<\/span>\n\t\t\t\t\t\t\t\t\t<span class=\"elementor-button-text\">ACCUEIL<\/span>\n\t\t\t\t\t<\/span>\n\t\t\t\t\t<\/a>\n\t\t\t\t<\/div>\n\t\t\t\t\t\t\t\t<\/div>\n\t\t\t\t<\/div>\n\t\t\t\t<div class=\"elementor-element elementor-element-67221ce elementor-align-center elementor-hidden-mobile elementor-hidden-desktop elementor-hidden-tablet elementor-widget elementor-widget-button\" data-id=\"67221ce\" data-element_type=\"widget\" data-e-type=\"widget\" data-widget_type=\"button.default\">\n\t\t\t\t<div class=\"elementor-widget-container\">\n\t\t\t\t\t\t\t\t\t<div class=\"elementor-button-wrapper\">\n\t\t\t\t\t<a class=\"elementor-button elementor-button-link elementor-size-md\" href=\"#Haut\">\n\t\t\t\t\t\t<span class=\"elementor-button-content-wrapper\">\n\t\t\t\t\t\t\t\t\t<span class=\"elementor-button-text\">Qui suis-je ?<\/span>\n\t\t\t\t\t<\/span>\n\t\t\t\t\t<\/a>\n\t\t\t\t<\/div>\n\t\t\t\t\t\t\t\t<\/div>\n\t\t\t\t<\/div>\n\t\t\t\t<div class=\"elementor-element elementor-element-9ac4992 elementor-align-center elementor-widget elementor-widget-button\" data-id=\"9ac4992\" data-element_type=\"widget\" data-e-type=\"widget\" data-widget_type=\"button.default\">\n\t\t\t\t<div class=\"elementor-widget-container\">\n\t\t\t\t\t\t\t\t\t<div class=\"elementor-button-wrapper\">\n\t\t\t\t\t<a class=\"elementor-button elementor-button-link elementor-size-md\" href=\"#contact\">\n\t\t\t\t\t\t<span class=\"elementor-button-content-wrapper\">\n\t\t\t\t\t\t<span class=\"elementor-button-icon\">\n\t\t\t\t<svg aria-hidden=\"true\" class=\"e-font-icon-svg e-fas-envelope\" viewBox=\"0 0 512 512\" xmlns=\"http:\/\/www.w3.org\/2000\/svg\"><path d=\"M502.3 190.8c3.9-3.1 9.7-.2 9.7 4.7V400c0 26.5-21.5 48-48 48H48c-26.5 0-48-21.5-48-48V195.6c0-5 5.7-7.8 9.7-4.7 22.4 17.4 52.1 39.5 154.1 113.6 21.1 15.4 56.7 47.8 92.2 47.6 35.7.3 72-32.8 92.3-47.6 102-74.1 131.6-96.3 154-113.7zM256 320c23.2.4 56.6-29.2 73.4-41.4 132.7-96.3 142.8-104.7 173.4-128.7 5.8-4.5 9.2-11.5 9.2-18.9v-19c0-26.5-21.5-48-48-48H48C21.5 64 0 85.5 0 112v19c0 7.4 3.4 14.3 9.2 18.9 30.6 23.9 40.7 32.4 173.4 128.7 16.8 12.2 50.2 41.8 73.4 41.4z\"><\/path><\/svg>\t\t\t<\/span>\n\t\t\t\t\t\t\t\t\t<span class=\"elementor-button-text\">CONTACT<\/span>\n\t\t\t\t\t<\/span>\n\t\t\t\t\t<\/a>\n\t\t\t\t<\/div>\n\t\t\t\t\t\t\t\t<\/div>\n\t\t\t\t<\/div>\n\t\t\t\t<\/div>\n\t\t<div class=\"elementor-element elementor-element-e54898f e-con-full e-flex e-con e-child\" data-id=\"e54898f\" data-element_type=\"container\" data-e-type=\"container\">\n\t\t<div class=\"elementor-element elementor-element-d689d16 e-flex e-con-boxed e-con e-child\" data-id=\"d689d16\" data-element_type=\"container\" data-e-type=\"container\">\n\t\t\t\t\t<div class=\"e-con-inner\">\n\t\t\t\t<div class=\"elementor-element elementor-element-829c0cc elementor-widget-mobile__width-inherit e-transform animated-slow elementor-invisible elementor-widget elementor-widget-heading\" data-id=\"829c0cc\" data-element_type=\"widget\" data-e-type=\"widget\" data-settings=\"{&quot;_animation&quot;:&quot;fadeIn&quot;,&quot;_transform_translateX_effect&quot;:{&quot;unit&quot;:&quot;px&quot;,&quot;size&quot;:&quot;&quot;,&quot;sizes&quot;:[]},&quot;_transform_translateX_effect_tablet&quot;:{&quot;unit&quot;:&quot;px&quot;,&quot;size&quot;:&quot;&quot;,&quot;sizes&quot;:[]},&quot;_transform_translateX_effect_mobile&quot;:{&quot;unit&quot;:&quot;px&quot;,&quot;size&quot;:&quot;&quot;,&quot;sizes&quot;:[]},&quot;_transform_translateY_effect&quot;:{&quot;unit&quot;:&quot;px&quot;,&quot;size&quot;:&quot;&quot;,&quot;sizes&quot;:[]},&quot;_transform_translateY_effect_tablet&quot;:{&quot;unit&quot;:&quot;px&quot;,&quot;size&quot;:&quot;&quot;,&quot;sizes&quot;:[]},&quot;_transform_translateY_effect_mobile&quot;:{&quot;unit&quot;:&quot;px&quot;,&quot;size&quot;:&quot;&quot;,&quot;sizes&quot;:[]}}\" data-widget_type=\"heading.default\">\n\t\t\t\t<div class=\"elementor-widget-container\">\n\t\t\t\t\t<h1 class=\"elementor-heading-title elementor-size-default\">Qui suis-je ?<\/h1>\t\t\t\t<\/div>\n\t\t\t\t<\/div>\n\t\t\t\t<div class=\"elementor-element elementor-element-4783174 elementor-widget elementor-widget-text-editor\" data-id=\"4783174\" data-element_type=\"widget\" data-e-type=\"widget\" data-widget_type=\"text-editor.default\">\n\t\t\t\t<div class=\"elementor-widget-container\">\n\t\t\t\t\t\t\t\t\t<p>Florian Droual, je suis paysagiste sp\u00e9cialis\u00e9 dans les travaux de jardins, balcons et terrasses urbaines.&nbsp;<\/p>\n<p><br><\/p>\t\t\t\t\t\t\t\t<\/div>\n\t\t\t\t<\/div>\n\t\t\t\t\t<\/div>\n\t\t\t\t<\/div>\n\t\t\t\t<\/div>\n\t\t<div class=\"elementor-element elementor-element-1e50f06 e-con-full e-flex e-con e-child\" data-id=\"1e50f06\" data-element_type=\"container\" data-e-type=\"container\" data-settings=\"{&quot;background_background&quot;:&quot;slideshow&quot;,&quot;background_slideshow_gallery&quot;:[],&quot;background_slideshow_loop&quot;:&quot;yes&quot;,&quot;background_slideshow_slide_duration&quot;:5000,&quot;background_slideshow_slide_transition&quot;:&quot;fade&quot;,&quot;background_slideshow_transition_duration&quot;:500}\">\n\t\t\t\t<div class=\"elementor-element elementor-element-6ef7354 elementor-widget elementor-widget-image\" data-id=\"6ef7354\" data-element_type=\"widget\" data-e-type=\"widget\" data-widget_type=\"image.default\">\n\t\t\t\t<div class=\"elementor-widget-container\">\n\t\t\t\t\t\t\t\t\t\t\t\t\t\t\t<img fetchpriority=\"high\" decoding=\"async\" width=\"300\" height=\"300\" src=\"https:\/\/florianpaysage.fr\/wp-content\/uploads\/2024\/03\/cropped-Logo-feuille-300x300.png\" class=\"attachment-medium size-medium wp-image-807\" alt=\"\" srcset=\"https:\/\/florianpaysage.fr\/wp-content\/uploads\/2024\/03\/cropped-Logo-feuille-300x300.png 300w, https:\/\/florianpaysage.fr\/wp-content\/uploads\/2024\/03\/cropped-Logo-feuille-150x150.png 150w, https:\/\/florianpaysage.fr\/wp-content\/uploads\/2024\/03\/cropped-Logo-feuille-270x270.png 270w, https:\/\/florianpaysage.fr\/wp-content\/uploads\/2024\/03\/cropped-Logo-feuille-192x192.png 192w, https:\/\/florianpaysage.fr\/wp-content\/uploads\/2024\/03\/cropped-Logo-feuille-180x180.png 180w, https:\/\/florianpaysage.fr\/wp-content\/uploads\/2024\/03\/cropped-Logo-feuille-32x32.png 32w, https:\/\/florianpaysage.fr\/wp-content\/uploads\/2024\/03\/elementor\/thumbs\/cropped-Logo-feuille-qkplgur6bf6mfxjoklvvwvt42d21jm11ibun475oj8.png 50w, https:\/\/florianpaysage.fr\/wp-content\/uploads\/2024\/03\/cropped-Logo-feuille.png 512w\" sizes=\"(max-width: 300px) 100vw, 300px\" \/>\t\t\t\t\t\t\t\t\t\t\t\t\t\t\t<\/div>\n\t\t\t\t<\/div>\n\t\t\t\t<\/div>\n\t\t\t\t\t<\/div>\n\t\t\t\t<\/div>\n\t\t<div class=\"elementor-element elementor-element-291c7fd e-con-full e-flex e-con e-parent\" data-id=\"291c7fd\" data-element_type=\"container\" data-e-type=\"container\" data-settings=\"{&quot;background_background&quot;:&quot;classic&quot;,&quot;animation&quot;:&quot;none&quot;}\">\n\t\t<div class=\"elementor-element elementor-element-266f712 e-con-full e-flex e-con e-child\" data-id=\"266f712\" data-element_type=\"container\" data-e-type=\"container\">\n\t\t\t\t<div class=\"elementor-element elementor-element-2f3df04 elementor-widget elementor-widget-text-editor\" data-id=\"2f3df04\" data-element_type=\"widget\" data-e-type=\"widget\" data-widget_type=\"text-editor.default\">\n\t\t\t\t<div class=\"elementor-widget-container\">\n\t\t\t\t\t\t\t\t\t<p>Mon parcours<\/p>\t\t\t\t\t\t\t\t<\/div>\n\t\t\t\t<\/div>\n\t\t<div class=\"elementor-element elementor-element-687966c e-flex e-con-boxed e-con e-child\" data-id=\"687966c\" data-element_type=\"container\" data-e-type=\"container\">\n\t\t\t\t\t<div class=\"e-con-inner\">\n\t\t<div class=\"elementor-element elementor-element-e3018d4 e-flex e-con-boxed e-con e-child\" data-id=\"e3018d4\" data-element_type=\"container\" data-e-type=\"container\">\n\t\t\t\t\t<div class=\"e-con-inner\">\n\t\t\t\t<div class=\"elementor-element elementor-element-a950654 elementor-widget__width-initial elementor-widget elementor-widget-image\" data-id=\"a950654\" data-element_type=\"widget\" data-e-type=\"widget\" data-widget_type=\"image.default\">\n\t\t\t\t<div class=\"elementor-widget-container\">\n\t\t\t\t\t\t\t\t\t\t\t\t\t\t\t<img decoding=\"async\" width=\"150\" height=\"150\" src=\"https:\/\/florianpaysage.fr\/wp-content\/uploads\/2024\/03\/cropped-Logo-feuille-150x150.png\" class=\"attachment-thumbnail size-thumbnail wp-image-807\" alt=\"\" srcset=\"https:\/\/florianpaysage.fr\/wp-content\/uploads\/2024\/03\/cropped-Logo-feuille-150x150.png 150w, https:\/\/florianpaysage.fr\/wp-content\/uploads\/2024\/03\/cropped-Logo-feuille-300x300.png 300w, https:\/\/florianpaysage.fr\/wp-content\/uploads\/2024\/03\/cropped-Logo-feuille-270x270.png 270w, https:\/\/florianpaysage.fr\/wp-content\/uploads\/2024\/03\/cropped-Logo-feuille-192x192.png 192w, https:\/\/florianpaysage.fr\/wp-content\/uploads\/2024\/03\/cropped-Logo-feuille-180x180.png 180w, https:\/\/florianpaysage.fr\/wp-content\/uploads\/2024\/03\/cropped-Logo-feuille-32x32.png 32w, https:\/\/florianpaysage.fr\/wp-content\/uploads\/2024\/03\/elementor\/thumbs\/cropped-Logo-feuille-qkplgur6bf6mfxjoklvvwvt42d21jm11ibun475oj8.png 50w, https:\/\/florianpaysage.fr\/wp-content\/uploads\/2024\/03\/cropped-Logo-feuille.png 512w\" sizes=\"(max-width: 150px) 100vw, 150px\" \/>\t\t\t\t\t\t\t\t\t\t\t\t\t\t\t<\/div>\n\t\t\t\t<\/div>\n\t\t\t\t<div class=\"elementor-element elementor-element-2d88074 elementor-widget__width-initial elementor-widget elementor-widget-text-editor\" data-id=\"2d88074\" data-element_type=\"widget\" data-e-type=\"widget\" data-widget_type=\"text-editor.default\">\n\t\t\t\t<div class=\"elementor-widget-container\">\n\t\t\t\t\t\t\t\t\t<p><span style=\"text-transform: none;\">J&#8217;ai effectu\u00e9 un BTS en Am\u00e9nagements Paysager, puis une Licence aupr\u00e8s d&#8217;un concepteur paysagiste.<\/span><\/p><p><span style=\"text-transform: none;\">Apr\u00e8s 7 ann\u00e9es pass\u00e9es aupr\u00e8s d&#8217;\u00e9quipes techniques, du jardinier au chef de service, j&#8217;ai souhait\u00e9 allier mon attrait pour les travaux techniques \u00e0 la cr\u00e9ativit\u00e9 n\u00e9cessaire \u00e0 tout projet.<\/span><br><\/p>\t\t\t\t\t\t\t\t<\/div>\n\t\t\t\t<\/div>\n\t\t\t\t\t<\/div>\n\t\t\t\t<\/div>\n\t\t\t\t\t<\/div>\n\t\t\t\t<\/div>\n\t\t\t\t<\/div>\n\t\t\t\t<\/div>\n\t\t<div class=\"elementor-element elementor-element-39fb459 e-con-full e-flex e-con e-parent\" data-id=\"39fb459\" data-element_type=\"container\" data-e-type=\"container\" data-settings=\"{&quot;background_background&quot;:&quot;classic&quot;,&quot;animation&quot;:&quot;none&quot;}\">\n\t\t<div class=\"elementor-element elementor-element-d6cb0f2 e-con-full e-flex e-con e-child\" data-id=\"d6cb0f2\" data-element_type=\"container\" data-e-type=\"container\">\n\t\t\t\t<div class=\"elementor-element elementor-element-5cd51b6 elementor-widget elementor-widget-text-editor\" data-id=\"5cd51b6\" data-element_type=\"widget\" data-e-type=\"widget\" data-widget_type=\"text-editor.default\">\n\t\t\t\t<div class=\"elementor-widget-container\">\n\t\t\t\t\t\t\t\t\t<p>R\u00e9aliser des projets dans leur ensemble<\/p>\t\t\t\t\t\t\t\t<\/div>\n\t\t\t\t<\/div>\n\t\t<div class=\"elementor-element elementor-element-e19af4d e-flex e-con-boxed e-con e-child\" data-id=\"e19af4d\" data-element_type=\"container\" data-e-type=\"container\">\n\t\t\t\t\t<div class=\"e-con-inner\">\n\t\t<div class=\"elementor-element elementor-element-7536e79 e-flex e-con-boxed e-con e-child\" data-id=\"7536e79\" data-element_type=\"container\" data-e-type=\"container\">\n\t\t\t\t\t<div class=\"e-con-inner\">\n\t\t\t\t<div class=\"elementor-element elementor-element-964d830 elementor-widget__width-initial elementor-widget elementor-widget-text-editor\" data-id=\"964d830\" data-element_type=\"widget\" data-e-type=\"widget\" data-widget_type=\"text-editor.default\">\n\t\t\t\t<div class=\"elementor-widget-container\">\n\t\t\t\t\t\t\t\t\t<p><span style=\"text-align: left; text-transform: none;\">Florian Paysage me permet de travailler et d\u00e9finir avec vous l&#8217;ensemble du processus de cr\u00e9ation :<\/span><\/p><p><span style=\"text-transform: none; color: var( --e-global-color-secondary ); letter-spacing: 0px;\">&#8211; La conception : traduire vos envies en projet concret<br \/>&#8211; Les travaux : R\u00e9aliser ces envies<br \/>&#8211; L&#8217;entretien : Profitez de vos envies de mani\u00e8res p\u00e9renne !\u00a0<\/span><\/p><p>\u00a0<\/p>\t\t\t\t\t\t\t\t<\/div>\n\t\t\t\t<\/div>\n\t\t\t\t<div class=\"elementor-element elementor-element-610df5e elementor-widget__width-initial elementor-widget elementor-widget-image\" data-id=\"610df5e\" data-element_type=\"widget\" data-e-type=\"widget\" data-widget_type=\"image.default\">\n\t\t\t\t<div class=\"elementor-widget-container\">\n\t\t\t\t\t\t\t\t\t\t\t\t\t\t\t<img decoding=\"async\" width=\"150\" height=\"150\" src=\"https:\/\/florianpaysage.fr\/wp-content\/uploads\/2024\/03\/cropped-Logo-feuille-150x150.png\" class=\"attachment-thumbnail size-thumbnail wp-image-807\" alt=\"\" srcset=\"https:\/\/florianpaysage.fr\/wp-content\/uploads\/2024\/03\/cropped-Logo-feuille-150x150.png 150w, https:\/\/florianpaysage.fr\/wp-content\/uploads\/2024\/03\/cropped-Logo-feuille-300x300.png 300w, https:\/\/florianpaysage.fr\/wp-content\/uploads\/2024\/03\/cropped-Logo-feuille-270x270.png 270w, https:\/\/florianpaysage.fr\/wp-content\/uploads\/2024\/03\/cropped-Logo-feuille-192x192.png 192w, https:\/\/florianpaysage.fr\/wp-content\/uploads\/2024\/03\/cropped-Logo-feuille-180x180.png 180w, https:\/\/florianpaysage.fr\/wp-content\/uploads\/2024\/03\/cropped-Logo-feuille-32x32.png 32w, https:\/\/florianpaysage.fr\/wp-content\/uploads\/2024\/03\/elementor\/thumbs\/cropped-Logo-feuille-qkplgur6bf6mfxjoklvvwvt42d21jm11ibun475oj8.png 50w, https:\/\/florianpaysage.fr\/wp-content\/uploads\/2024\/03\/cropped-Logo-feuille.png 512w\" sizes=\"(max-width: 150px) 100vw, 150px\" \/>\t\t\t\t\t\t\t\t\t\t\t\t\t\t\t<\/div>\n\t\t\t\t<\/div>\n\t\t\t\t\t<\/div>\n\t\t\t\t<\/div>\n\t\t\t\t\t<\/div>\n\t\t\t\t<\/div>\n\t\t\t\t<\/div>\n\t\t\t\t<\/div>\n\t\t\t\t<\/div>\n\t\t","protected":false},"excerpt":{"rendered":"<p>ACCUEIL Qui suis-je ? CONTACT Qui suis-je ? Florian Droual, je suis paysagiste sp\u00e9cialis\u00e9 dans les travaux de jardins, balcons et terrasses urbaines.&nbsp; Mon parcours J&#8217;ai effectu\u00e9 un BTS en Am\u00e9nagements Paysager, puis une Licence aupr\u00e8s d&#8217;un concepteur paysagiste. Apr\u00e8s 7 ann\u00e9es pass\u00e9es aupr\u00e8s d&#8217;\u00e9quipes techniques, du jardinier au chef de service, j&#8217;ai souhait\u00e9 allier [&hellip;]<\/p>\n","protected":false},"author":1,"featured_media":0,"parent":0,"menu_order":0,"comment_status":"closed","ping_status":"closed","template":"","meta":{"footnotes":""},"class_list":["post-1447","page","type-page","status-publish","hentry"],"_links":{"self":[{"href":"https:\/\/florianpaysage.fr\/index.php\/wp-json\/wp\/v2\/pages\/1447","targetHints":{"allow":["GET"]}}],"collection":[{"href":"https:\/\/florianpaysage.fr\/index.php\/wp-json\/wp\/v2\/pages"}],"about":[{"href":"https:\/\/florianpaysage.fr\/index.php\/wp-json\/wp\/v2\/types\/page"}],"author":[{"embeddable":true,"href":"https:\/\/florianpaysage.fr\/index.php\/wp-json\/wp\/v2\/users\/1"}],"replies":[{"embeddable":true,"href":"https:\/\/florianpaysage.fr\/index.php\/wp-json\/wp\/v2\/comments?post=1447"}],"version-history":[{"count":34,"href":"https:\/\/florianpaysage.fr\/index.php\/wp-json\/wp\/v2\/pages\/1447\/revisions"}],"predecessor-version":[{"id":1483,"href":"https:\/\/florianpaysage.fr\/index.php\/wp-json\/wp\/v2\/pages\/1447\/revisions\/1483"}],"wp:attachment":[{"href":"https:\/\/florianpaysage.fr\/index.php\/wp-json\/wp\/v2\/media?parent=1447"}],"curies":[{"name":"wp","href":"https:\/\/api.w.org\/{rel}","templated":true}]}}